{"id":14501,"date":"2021-04-20T18:38:54","date_gmt":"2021-04-20T18:38:54","guid":{"rendered":"https:\/\/miliedel.com\/wedding\/infos-weddings\/"},"modified":"2021-09-16T16:09:24","modified_gmt":"2021-09-16T16:09:24","slug":"infos-weddings","status":"publish","type":"page","link":"https:\/\/miliedel.com\/fr\/wedding\/infos-weddings\/","title":{"rendered":"Infos"},"content":{"rendered":"","protected":false},"excerpt":{"rendered":"","protected":false},"author":1,"featured_media":13380,"parent":14457,"menu_order":29,"comment_status":"closed","ping_status":"closed","template":"","meta":{"_exactmetrics_skip_tracking":false,"_exactmetrics_sitenote_active":false,"_exactmetrics_sitenote_note":"","_exactmetrics_sitenote_category":0,"footnotes":""},"class_list":["post-14501","page","type-page","status-publish","has-post-thumbnail"],"yoast_head":"<!-- This site is optimized with the Yoast SEO plugin v27.4 - https:\/\/yoast.com\/product\/yoast-seo-wordpress\/ -->\n<title>Infos - Photographe Mariage Marseille, Montpellier, Provence<\/title>\n<meta name=\"description\" content=\"Mariages luxes, boh\u00e8mes et po\u00e9tiques ~ Milie Del Photographe | French Riviera, Marseille, Montpellier, Provence, Sud de France, Paris, Dr\u00f4me\" \/>\n<meta name=\"robots\" content=\"index, follow, max-snippet:-1, max-image-preview:large, max-video-preview:-1\" \/>\n<link rel=\"canonical\" href=\"https:\/\/miliedel.com\/fr\/wedding\/infos-weddings\/\" \/>\n<meta property=\"og:locale\" content=\"fr_FR\" \/>\n<meta property=\"og:type\" content=\"article\" \/>\n<meta property=\"og:title\" content=\"Infos - Photographe Mariage Marseille, Montpellier, Provence\" \/>\n<meta property=\"og:description\" content=\"Mariages luxes, boh\u00e8mes et po\u00e9tiques ~ Milie Del Photographe | French Riviera, Marseille, Montpellier, Provence, Sud de France, Paris, Dr\u00f4me\" \/>\n<meta property=\"og:url\" content=\"https:\/\/miliedel.com\/fr\/wedding\/infos-weddings\/\" \/>\n<meta property=\"og:site_name\" content=\"Milie Del Photographer | Design Poetic and Creative Work\" \/>\n<meta property=\"article:modified_time\" content=\"2021-09-16T16:09:24+00:00\" \/>\n<meta property=\"og:image\" content=\"https:\/\/miliedel.com\/wp-content\/uploads\/2021\/04\/miliedel-photographer-couple-poetic-love-soul-6.jpg\" \/>\n\t<meta property=\"og:image:width\" content=\"1080\" \/>\n\t<meta property=\"og:image:height\" content=\"720\" \/>\n\t<meta property=\"og:image:type\" content=\"image\/jpeg\" \/>\n<meta name=\"twitter:card\" content=\"summary_large_image\" \/>\n<meta name=\"twitter:site\" content=\"@milie_del\" \/>\n<script type=\"application\/ld+json\" class=\"yoast-schema-graph\">{\"@context\":\"https:\\\/\\\/schema.org\",\"@graph\":[{\"@type\":[\"WebPage\",\"FAQPage\"],\"@id\":\"https:\\\/\\\/miliedel.com\\\/fr\\\/wedding\\\/infos-weddings\\\/\",\"url\":\"https:\\\/\\\/miliedel.com\\\/fr\\\/wedding\\\/infos-weddings\\\/\",\"name\":\"Infos - Photographe Mariage Marseille, Montpellier, Provence\",\"isPartOf\":{\"@id\":\"https:\\\/\\\/miliedel.com\\\/#website\"},\"primaryImageOfPage\":{\"@id\":\"https:\\\/\\\/miliedel.com\\\/fr\\\/wedding\\\/infos-weddings\\\/#primaryimage\"},\"image\":{\"@id\":\"https:\\\/\\\/miliedel.com\\\/fr\\\/wedding\\\/infos-weddings\\\/#primaryimage\"},\"thumbnailUrl\":\"https:\\\/\\\/miliedel.com\\\/wp-content\\\/uploads\\\/2021\\\/04\\\/miliedel-photographer-couple-poetic-love-soul-6.jpg\",\"datePublished\":\"2021-04-20T18:38:54+00:00\",\"dateModified\":\"2021-09-16T16:09:24+00:00\",\"description\":\"Mariages luxes, boh\u00e8mes et po\u00e9tiques ~ Milie Del Photographe | French Riviera, Marseille, Montpellier, Provence, Sud de France, Paris, Dr\u00f4me\",\"breadcrumb\":{\"@id\":\"https:\\\/\\\/miliedel.com\\\/fr\\\/wedding\\\/infos-weddings\\\/#breadcrumb\"},\"inLanguage\":\"fr-FR\",\"potentialAction\":[{\"@type\":\"ReadAction\",\"target\":[\"https:\\\/\\\/miliedel.com\\\/fr\\\/wedding\\\/infos-weddings\\\/\"]}]},{\"@type\":\"ImageObject\",\"inLanguage\":\"fr-FR\",\"@id\":\"https:\\\/\\\/miliedel.com\\\/fr\\\/wedding\\\/infos-weddings\\\/#primaryimage\",\"url\":\"https:\\\/\\\/miliedel.com\\\/wp-content\\\/uploads\\\/2021\\\/04\\\/miliedel-photographer-couple-poetic-love-soul-6.jpg\",\"contentUrl\":\"https:\\\/\\\/miliedel.com\\\/wp-content\\\/uploads\\\/2021\\\/04\\\/miliedel-photographer-couple-poetic-love-soul-6.jpg\",\"width\":1080,\"height\":720,\"caption\":\"engagment session in a forest couple portrait\"},{\"@type\":\"BreadcrumbList\",\"@id\":\"https:\\\/\\\/miliedel.com\\\/fr\\\/wedding\\\/infos-weddings\\\/#breadcrumb\",\"itemListElement\":[{\"@type\":\"ListItem\",\"position\":1,\"name\":\"Accueil\",\"item\":\"https:\\\/\\\/miliedel.com\\\/fr\\\/\"},{\"@type\":\"ListItem\",\"position\":2,\"name\":\"Mariages\",\"item\":\"https:\\\/\\\/miliedel.com\\\/fr\\\/wedding\\\/\"},{\"@type\":\"ListItem\",\"position\":3,\"name\":\"Infos\"}]},{\"@type\":\"WebSite\",\"@id\":\"https:\\\/\\\/miliedel.com\\\/#website\",\"url\":\"https:\\\/\\\/miliedel.com\\\/\",\"name\":\"Milie Del Photographer | Design Poetic and Creative Work\",\"description\":\"Photographer ~ Design Poetic and Creative Work | Based in Montpellier South of France \u2022 Editorials - Travels - Food - Branding Photography \u2022\",\"publisher\":{\"@id\":\"https:\\\/\\\/miliedel.com\\\/#\\\/schema\\\/person\\\/7dc3109eaad35a336b8598b21e6d29d9\"},\"potentialAction\":[{\"@type\":\"SearchAction\",\"target\":{\"@type\":\"EntryPoint\",\"urlTemplate\":\"https:\\\/\\\/miliedel.com\\\/?s={search_term_string}\"},\"query-input\":{\"@type\":\"PropertyValueSpecification\",\"valueRequired\":true,\"valueName\":\"search_term_string\"}}],\"inLanguage\":\"fr-FR\"},{\"@type\":[\"Person\",\"Organization\"],\"@id\":\"https:\\\/\\\/miliedel.com\\\/#\\\/schema\\\/person\\\/7dc3109eaad35a336b8598b21e6d29d9\",\"name\":\"Milie Del\",\"image\":{\"@type\":\"ImageObject\",\"inLanguage\":\"fr-FR\",\"@id\":\"https:\\\/\\\/miliedel.com\\\/wp-content\\\/uploads\\\/2019\\\/02\\\/milie-del-photographer-dark-coffee-paris-musee-portrait-2-1.jpg\",\"url\":\"https:\\\/\\\/miliedel.com\\\/wp-content\\\/uploads\\\/2019\\\/02\\\/milie-del-photographer-dark-coffee-paris-musee-portrait-2-1.jpg\",\"contentUrl\":\"https:\\\/\\\/miliedel.com\\\/wp-content\\\/uploads\\\/2019\\\/02\\\/milie-del-photographer-dark-coffee-paris-musee-portrait-2-1.jpg\",\"width\":800,\"height\":1200,\"caption\":\"Milie Del\"},\"logo\":{\"@id\":\"https:\\\/\\\/miliedel.com\\\/wp-content\\\/uploads\\\/2019\\\/02\\\/milie-del-photographer-dark-coffee-paris-musee-portrait-2-1.jpg\"}}]}<\/script>\n<!-- \/ Yoast SEO plugin. -->","yoast_head_json":{"title":"Infos - Photographe Mariage Marseille, Montpellier, Provence","description":"Mariages luxes, boh\u00e8mes et po\u00e9tiques ~ Milie Del Photographe | French Riviera, Marseille, Montpellier, Provence, Sud de France, Paris, Dr\u00f4me","robots":{"index":"index","follow":"follow","max-snippet":"max-snippet:-1","max-image-preview":"max-image-preview:large","max-video-preview":"max-video-preview:-1"},"canonical":"https:\/\/miliedel.com\/fr\/wedding\/infos-weddings\/","og_locale":"fr_FR","og_type":"article","og_title":"Infos - Photographe Mariage Marseille, Montpellier, Provence","og_description":"Mariages luxes, boh\u00e8mes et po\u00e9tiques ~ Milie Del Photographe | French Riviera, Marseille, Montpellier, Provence, Sud de France, Paris, Dr\u00f4me","og_url":"https:\/\/miliedel.com\/fr\/wedding\/infos-weddings\/","og_site_name":"Milie Del Photographer | Design Poetic and Creative Work","article_modified_time":"2021-09-16T16:09:24+00:00","og_image":[{"width":1080,"height":720,"url":"https:\/\/miliedel.com\/wp-content\/uploads\/2021\/04\/miliedel-photographer-couple-poetic-love-soul-6.jpg","type":"image\/jpeg"}],"twitter_card":"summary_large_image","twitter_site":"@milie_del","schema":{"@context":"https:\/\/schema.org","@graph":[{"@type":["WebPage","FAQPage"],"@id":"https:\/\/miliedel.com\/fr\/wedding\/infos-weddings\/","url":"https:\/\/miliedel.com\/fr\/wedding\/infos-weddings\/","name":"Infos - Photographe Mariage Marseille, Montpellier, Provence","isPartOf":{"@id":"https:\/\/miliedel.com\/#website"},"primaryImageOfPage":{"@id":"https:\/\/miliedel.com\/fr\/wedding\/infos-weddings\/#primaryimage"},"image":{"@id":"https:\/\/miliedel.com\/fr\/wedding\/infos-weddings\/#primaryimage"},"thumbnailUrl":"https:\/\/miliedel.com\/wp-content\/uploads\/2021\/04\/miliedel-photographer-couple-poetic-love-soul-6.jpg","datePublished":"2021-04-20T18:38:54+00:00","dateModified":"2021-09-16T16:09:24+00:00","description":"Mariages luxes, boh\u00e8mes et po\u00e9tiques ~ Milie Del Photographe | French Riviera, Marseille, Montpellier, Provence, Sud de France, Paris, Dr\u00f4me","breadcrumb":{"@id":"https:\/\/miliedel.com\/fr\/wedding\/infos-weddings\/#breadcrumb"},"inLanguage":"fr-FR","potentialAction":[{"@type":"ReadAction","target":["https:\/\/miliedel.com\/fr\/wedding\/infos-weddings\/"]}]},{"@type":"ImageObject","inLanguage":"fr-FR","@id":"https:\/\/miliedel.com\/fr\/wedding\/infos-weddings\/#primaryimage","url":"https:\/\/miliedel.com\/wp-content\/uploads\/2021\/04\/miliedel-photographer-couple-poetic-love-soul-6.jpg","contentUrl":"https:\/\/miliedel.com\/wp-content\/uploads\/2021\/04\/miliedel-photographer-couple-poetic-love-soul-6.jpg","width":1080,"height":720,"caption":"engagment session in a forest couple portrait"},{"@type":"BreadcrumbList","@id":"https:\/\/miliedel.com\/fr\/wedding\/infos-weddings\/#breadcrumb","itemListElement":[{"@type":"ListItem","position":1,"name":"Accueil","item":"https:\/\/miliedel.com\/fr\/"},{"@type":"ListItem","position":2,"name":"Mariages","item":"https:\/\/miliedel.com\/fr\/wedding\/"},{"@type":"ListItem","position":3,"name":"Infos"}]},{"@type":"WebSite","@id":"https:\/\/miliedel.com\/#website","url":"https:\/\/miliedel.com\/","name":"Milie Del Photographer | Design Poetic and Creative Work","description":"Photographer ~ Design Poetic and Creative Work | Based in Montpellier South of France \u2022 Editorials - Travels - Food - Branding Photography \u2022","publisher":{"@id":"https:\/\/miliedel.com\/#\/schema\/person\/7dc3109eaad35a336b8598b21e6d29d9"},"potentialAction":[{"@type":"SearchAction","target":{"@type":"EntryPoint","urlTemplate":"https:\/\/miliedel.com\/?s={search_term_string}"},"query-input":{"@type":"PropertyValueSpecification","valueRequired":true,"valueName":"search_term_string"}}],"inLanguage":"fr-FR"},{"@type":["Person","Organization"],"@id":"https:\/\/miliedel.com\/#\/schema\/person\/7dc3109eaad35a336b8598b21e6d29d9","name":"Milie Del","image":{"@type":"ImageObject","inLanguage":"fr-FR","@id":"https:\/\/miliedel.com\/wp-content\/uploads\/2019\/02\/milie-del-photographer-dark-coffee-paris-musee-portrait-2-1.jpg","url":"https:\/\/miliedel.com\/wp-content\/uploads\/2019\/02\/milie-del-photographer-dark-coffee-paris-musee-portrait-2-1.jpg","contentUrl":"https:\/\/miliedel.com\/wp-content\/uploads\/2019\/02\/milie-del-photographer-dark-coffee-paris-musee-portrait-2-1.jpg","width":800,"height":1200,"caption":"Milie Del"},"logo":{"@id":"https:\/\/miliedel.com\/wp-content\/uploads\/2019\/02\/milie-del-photographer-dark-coffee-paris-musee-portrait-2-1.jpg"}}]}},"_links":{"self":[{"href":"https:\/\/miliedel.com\/fr\/wp-json\/wp\/v2\/pages\/14501","targetHints":{"allow":["GET"]}}],"collection":[{"href":"https:\/\/miliedel.com\/fr\/wp-json\/wp\/v2\/pages"}],"about":[{"href":"https:\/\/miliedel.com\/fr\/wp-json\/wp\/v2\/types\/page"}],"author":[{"embeddable":true,"href":"https:\/\/miliedel.com\/fr\/wp-json\/wp\/v2\/users\/1"}],"replies":[{"embeddable":true,"href":"https:\/\/miliedel.com\/fr\/wp-json\/wp\/v2\/comments?post=14501"}],"version-history":[{"count":0,"href":"https:\/\/miliedel.com\/fr\/wp-json\/wp\/v2\/pages\/14501\/revisions"}],"up":[{"embeddable":true,"href":"https:\/\/miliedel.com\/fr\/wp-json\/wp\/v2\/pages\/14457"}],"wp:featuredmedia":[{"embeddable":true,"href":"https:\/\/miliedel.com\/fr\/wp-json\/wp\/v2\/media\/13380"}],"wp:attachment":[{"href":"https:\/\/miliedel.com\/fr\/wp-json\/wp\/v2\/media?parent=14501"}],"curies":[{"name":"wp","href":"https:\/\/api.w.org\/{rel}","templated":true}]}}