{"id":14435,"date":"2016-06-30T08:09:11","date_gmt":"2016-06-30T08:09:11","guid":{"rendered":"https:\/\/miliedel.com\/about\/"},"modified":"2022-10-27T14:17:09","modified_gmt":"2022-10-27T14:17:09","slug":"about","status":"publish","type":"page","link":"https:\/\/miliedel.com\/fr\/about\/","title":{"rendered":"\u00c0 propos"},"content":{"rendered":"","protected":false},"excerpt":{"rendered":"","protected":false},"author":1,"featured_media":14856,"parent":0,"menu_order":13,"comment_status":"closed","ping_status":"closed","template":"","meta":{"_exactmetrics_skip_tracking":false,"_exactmetrics_sitenote_active":false,"_exactmetrics_sitenote_note":"","_exactmetrics_sitenote_category":0,"footnotes":""},"class_list":["post-14435","page","type-page","status-publish","has-post-thumbnail"],"yoast_head":"<!-- This site is optimized with the Yoast SEO plugin v27.3 - https:\/\/yoast.com\/product\/yoast-seo-wordpress\/ -->\n<title>\u00c0 propos | Milie Del Photographe ~ Editorial - Voyages - Food - Branding<\/title>\n<meta name=\"description\" content=\"Photographe ~ Photographie Design Po\u00e9tique et Cr\u00e9ative | Bas\u00e9e \u00e0 Montpellier, Sud de France \u2022 Editorial - Voyages - Food - Branding \u2022\" \/>\n<meta name=\"robots\" content=\"index, follow, max-snippet:-1, max-image-preview:large, max-video-preview:-1\" \/>\n<link rel=\"canonical\" href=\"https:\/\/miliedel.com\/fr\/about\/\" \/>\n<meta property=\"og:locale\" content=\"fr_FR\" \/>\n<meta property=\"og:type\" content=\"article\" \/>\n<meta property=\"og:title\" content=\"\u00c0 propos | Milie Del Photographe ~ Editorial - Voyages - Food - Branding\" \/>\n<meta property=\"og:description\" content=\"Photographe ~ Photographie Design Po\u00e9tique et Cr\u00e9ative | Bas\u00e9e \u00e0 Montpellier, Sud de France \u2022 Editorial - Voyages - Food - Branding \u2022\" \/>\n<meta property=\"og:url\" content=\"https:\/\/miliedel.com\/fr\/about\/\" \/>\n<meta property=\"og:site_name\" content=\"Milie Del Photographer | Design Poetic and Creative Work\" \/>\n<meta property=\"article:modified_time\" content=\"2022-10-27T14:17:09+00:00\" \/>\n<meta name=\"twitter:card\" content=\"summary_large_image\" \/>\n<meta name=\"twitter:image\" content=\"https:\/\/miliedel.com\/wp-content\/uploads\/2021\/05\/miliedel-photographer-portraits-film-montpellier-1-4-1.jpg\" \/>\n<meta name=\"twitter:site\" content=\"@milie_del\" \/>\n<script type=\"application\/ld+json\" class=\"yoast-schema-graph\">{\"@context\":\"https:\\\/\\\/schema.org\",\"@graph\":[{\"@type\":[\"WebPage\",\"AboutPage\"],\"@id\":\"https:\\\/\\\/miliedel.com\\\/fr\\\/about\\\/\",\"url\":\"https:\\\/\\\/miliedel.com\\\/fr\\\/about\\\/\",\"name\":\"\u00c0 propos | Milie Del Photographe ~ Editorial - Voyages - Food - Branding\",\"isPartOf\":{\"@id\":\"https:\\\/\\\/miliedel.com\\\/#website\"},\"primaryImageOfPage\":{\"@id\":\"https:\\\/\\\/miliedel.com\\\/fr\\\/about\\\/#primaryimage\"},\"image\":{\"@id\":\"https:\\\/\\\/miliedel.com\\\/fr\\\/about\\\/#primaryimage\"},\"thumbnailUrl\":\"https:\\\/\\\/miliedel.com\\\/wp-content\\\/uploads\\\/2021\\\/05\\\/miliedel-photographer-portraits-film-montpellier-1-4-1.jpg\",\"datePublished\":\"2016-06-30T08:09:11+00:00\",\"dateModified\":\"2022-10-27T14:17:09+00:00\",\"description\":\"Photographe ~ Photographie Design Po\u00e9tique et Cr\u00e9ative | Bas\u00e9e \u00e0 Montpellier, Sud de France \u2022 Editorial - Voyages - Food - Branding \u2022\",\"breadcrumb\":{\"@id\":\"https:\\\/\\\/miliedel.com\\\/fr\\\/about\\\/#breadcrumb\"},\"inLanguage\":\"fr-FR\",\"potentialAction\":[{\"@type\":\"ReadAction\",\"target\":[\"https:\\\/\\\/miliedel.com\\\/fr\\\/about\\\/\"]}]},{\"@type\":\"ImageObject\",\"inLanguage\":\"fr-FR\",\"@id\":\"https:\\\/\\\/miliedel.com\\\/fr\\\/about\\\/#primaryimage\",\"url\":\"https:\\\/\\\/miliedel.com\\\/wp-content\\\/uploads\\\/2021\\\/05\\\/miliedel-photographer-portraits-film-montpellier-1-4-1.jpg\",\"contentUrl\":\"https:\\\/\\\/miliedel.com\\\/wp-content\\\/uploads\\\/2021\\\/05\\\/miliedel-photographer-portraits-film-montpellier-1-4-1.jpg\",\"width\":720,\"height\":1080,\"caption\":\"Profil pictures polaro\u00efd Milie Del Photographer Editorial Travels Branding Food\"},{\"@type\":\"BreadcrumbList\",\"@id\":\"https:\\\/\\\/miliedel.com\\\/fr\\\/about\\\/#breadcrumb\",\"itemListElement\":[{\"@type\":\"ListItem\",\"position\":1,\"name\":\"Accueil\",\"item\":\"https:\\\/\\\/miliedel.com\\\/fr\\\/\"},{\"@type\":\"ListItem\",\"position\":2,\"name\":\"\u00c0 propos\"}]},{\"@type\":\"WebSite\",\"@id\":\"https:\\\/\\\/miliedel.com\\\/#website\",\"url\":\"https:\\\/\\\/miliedel.com\\\/\",\"name\":\"Milie Del Photographer | Design Poetic and Creative Work\",\"description\":\"Photographer ~ Design Poetic and Creative Work | Based in Montpellier South of France \u2022 Editorials - Travels - Food - Branding Photography \u2022\",\"publisher\":{\"@id\":\"https:\\\/\\\/miliedel.com\\\/#\\\/schema\\\/person\\\/7dc3109eaad35a336b8598b21e6d29d9\"},\"potentialAction\":[{\"@type\":\"SearchAction\",\"target\":{\"@type\":\"EntryPoint\",\"urlTemplate\":\"https:\\\/\\\/miliedel.com\\\/?s={search_term_string}\"},\"query-input\":{\"@type\":\"PropertyValueSpecification\",\"valueRequired\":true,\"valueName\":\"search_term_string\"}}],\"inLanguage\":\"fr-FR\"},{\"@type\":[\"Person\",\"Organization\"],\"@id\":\"https:\\\/\\\/miliedel.com\\\/#\\\/schema\\\/person\\\/7dc3109eaad35a336b8598b21e6d29d9\",\"name\":\"Milie Del\",\"image\":{\"@type\":\"ImageObject\",\"inLanguage\":\"fr-FR\",\"@id\":\"https:\\\/\\\/miliedel.com\\\/wp-content\\\/uploads\\\/2019\\\/02\\\/milie-del-photographer-dark-coffee-paris-musee-portrait-2-1.jpg\",\"url\":\"https:\\\/\\\/miliedel.com\\\/wp-content\\\/uploads\\\/2019\\\/02\\\/milie-del-photographer-dark-coffee-paris-musee-portrait-2-1.jpg\",\"contentUrl\":\"https:\\\/\\\/miliedel.com\\\/wp-content\\\/uploads\\\/2019\\\/02\\\/milie-del-photographer-dark-coffee-paris-musee-portrait-2-1.jpg\",\"width\":800,\"height\":1200,\"caption\":\"Milie Del\"},\"logo\":{\"@id\":\"https:\\\/\\\/miliedel.com\\\/wp-content\\\/uploads\\\/2019\\\/02\\\/milie-del-photographer-dark-coffee-paris-musee-portrait-2-1.jpg\"}}]}<\/script>\n<!-- \/ Yoast SEO plugin. -->","yoast_head_json":{"title":"\u00c0 propos | Milie Del Photographe ~ Editorial - Voyages - Food - Branding","description":"Photographe ~ Photographie Design Po\u00e9tique et Cr\u00e9ative | Bas\u00e9e \u00e0 Montpellier, Sud de France \u2022 Editorial - Voyages - Food - Branding \u2022","robots":{"index":"index","follow":"follow","max-snippet":"max-snippet:-1","max-image-preview":"max-image-preview:large","max-video-preview":"max-video-preview:-1"},"canonical":"https:\/\/miliedel.com\/fr\/about\/","og_locale":"fr_FR","og_type":"article","og_title":"\u00c0 propos | Milie Del Photographe ~ Editorial - Voyages - Food - Branding","og_description":"Photographe ~ Photographie Design Po\u00e9tique et Cr\u00e9ative | Bas\u00e9e \u00e0 Montpellier, Sud de France \u2022 Editorial - Voyages - Food - Branding \u2022","og_url":"https:\/\/miliedel.com\/fr\/about\/","og_site_name":"Milie Del Photographer | Design Poetic and Creative Work","article_modified_time":"2022-10-27T14:17:09+00:00","twitter_card":"summary_large_image","twitter_image":"https:\/\/miliedel.com\/wp-content\/uploads\/2021\/05\/miliedel-photographer-portraits-film-montpellier-1-4-1.jpg","twitter_site":"@milie_del","schema":{"@context":"https:\/\/schema.org","@graph":[{"@type":["WebPage","AboutPage"],"@id":"https:\/\/miliedel.com\/fr\/about\/","url":"https:\/\/miliedel.com\/fr\/about\/","name":"\u00c0 propos | Milie Del Photographe ~ Editorial - Voyages - Food - Branding","isPartOf":{"@id":"https:\/\/miliedel.com\/#website"},"primaryImageOfPage":{"@id":"https:\/\/miliedel.com\/fr\/about\/#primaryimage"},"image":{"@id":"https:\/\/miliedel.com\/fr\/about\/#primaryimage"},"thumbnailUrl":"https:\/\/miliedel.com\/wp-content\/uploads\/2021\/05\/miliedel-photographer-portraits-film-montpellier-1-4-1.jpg","datePublished":"2016-06-30T08:09:11+00:00","dateModified":"2022-10-27T14:17:09+00:00","description":"Photographe ~ Photographie Design Po\u00e9tique et Cr\u00e9ative | Bas\u00e9e \u00e0 Montpellier, Sud de France \u2022 Editorial - Voyages - Food - Branding \u2022","breadcrumb":{"@id":"https:\/\/miliedel.com\/fr\/about\/#breadcrumb"},"inLanguage":"fr-FR","potentialAction":[{"@type":"ReadAction","target":["https:\/\/miliedel.com\/fr\/about\/"]}]},{"@type":"ImageObject","inLanguage":"fr-FR","@id":"https:\/\/miliedel.com\/fr\/about\/#primaryimage","url":"https:\/\/miliedel.com\/wp-content\/uploads\/2021\/05\/miliedel-photographer-portraits-film-montpellier-1-4-1.jpg","contentUrl":"https:\/\/miliedel.com\/wp-content\/uploads\/2021\/05\/miliedel-photographer-portraits-film-montpellier-1-4-1.jpg","width":720,"height":1080,"caption":"Profil pictures polaro\u00efd Milie Del Photographer Editorial Travels Branding Food"},{"@type":"BreadcrumbList","@id":"https:\/\/miliedel.com\/fr\/about\/#breadcrumb","itemListElement":[{"@type":"ListItem","position":1,"name":"Accueil","item":"https:\/\/miliedel.com\/fr\/"},{"@type":"ListItem","position":2,"name":"\u00c0 propos"}]},{"@type":"WebSite","@id":"https:\/\/miliedel.com\/#website","url":"https:\/\/miliedel.com\/","name":"Milie Del Photographer | Design Poetic and Creative Work","description":"Photographer ~ Design Poetic and Creative Work | Based in Montpellier South of France \u2022 Editorials - Travels - Food - Branding Photography \u2022","publisher":{"@id":"https:\/\/miliedel.com\/#\/schema\/person\/7dc3109eaad35a336b8598b21e6d29d9"},"potentialAction":[{"@type":"SearchAction","target":{"@type":"EntryPoint","urlTemplate":"https:\/\/miliedel.com\/?s={search_term_string}"},"query-input":{"@type":"PropertyValueSpecification","valueRequired":true,"valueName":"search_term_string"}}],"inLanguage":"fr-FR"},{"@type":["Person","Organization"],"@id":"https:\/\/miliedel.com\/#\/schema\/person\/7dc3109eaad35a336b8598b21e6d29d9","name":"Milie Del","image":{"@type":"ImageObject","inLanguage":"fr-FR","@id":"https:\/\/miliedel.com\/wp-content\/uploads\/2019\/02\/milie-del-photographer-dark-coffee-paris-musee-portrait-2-1.jpg","url":"https:\/\/miliedel.com\/wp-content\/uploads\/2019\/02\/milie-del-photographer-dark-coffee-paris-musee-portrait-2-1.jpg","contentUrl":"https:\/\/miliedel.com\/wp-content\/uploads\/2019\/02\/milie-del-photographer-dark-coffee-paris-musee-portrait-2-1.jpg","width":800,"height":1200,"caption":"Milie Del"},"logo":{"@id":"https:\/\/miliedel.com\/wp-content\/uploads\/2019\/02\/milie-del-photographer-dark-coffee-paris-musee-portrait-2-1.jpg"}}]}},"_links":{"self":[{"href":"https:\/\/miliedel.com\/fr\/wp-json\/wp\/v2\/pages\/14435","targetHints":{"allow":["GET"]}}],"collection":[{"href":"https:\/\/miliedel.com\/fr\/wp-json\/wp\/v2\/pages"}],"about":[{"href":"https:\/\/miliedel.com\/fr\/wp-json\/wp\/v2\/types\/page"}],"author":[{"embeddable":true,"href":"https:\/\/miliedel.com\/fr\/wp-json\/wp\/v2\/users\/1"}],"replies":[{"embeddable":true,"href":"https:\/\/miliedel.com\/fr\/wp-json\/wp\/v2\/comments?post=14435"}],"version-history":[{"count":0,"href":"https:\/\/miliedel.com\/fr\/wp-json\/wp\/v2\/pages\/14435\/revisions"}],"wp:featuredmedia":[{"embeddable":true,"href":"https:\/\/miliedel.com\/fr\/wp-json\/wp\/v2\/media\/14856"}],"wp:attachment":[{"href":"https:\/\/miliedel.com\/fr\/wp-json\/wp\/v2\/media?parent=14435"}],"curies":[{"name":"wp","href":"https:\/\/api.w.org\/{rel}","templated":true}]}}